{"id":2,"date":"2019-09-23T17:52:34","date_gmt":"2019-09-23T17:52:34","guid":{"rendered":"http:\/\/pycosmetica.com.uy\/?page_id=2"},"modified":"2024-10-03T16:04:30","modified_gmt":"2024-10-03T16:04:30","slug":"sample-page","status":"publish","type":"page","link":"https:\/\/pycosmetica.com.uy\/","title":{"rendered":"Sample Page"},"content":{"rendered":"\n\t<section class=\"section has-parallax\" id=\"section_492353238\">\n\t\t<div class=\"section-bg fill\" data-parallax-container=\".section\" data-parallax-background data-parallax=\"-3\">\n\t\t\t<img loading=\"lazy\" decoding=\"async\" width=\"1920\" height=\"700\" src=\"https:\/\/pycosmetica.com.uy\/wp-content\/uploads\/2019\/09\/cabezal.jpg\" class=\"bg attachment-original size-original\" alt=\"\" \/>\t\t\t\t\t\t<div class=\"section-bg-overlay absolute fill\"><\/div><div class=\"loading-spin centered\"><\/div>\n\t\t\t\n\t<div class=\"is-border\"\n\t\tstyle=\"border-color:rgb(235, 235, 235);border-width:1px 0px 0px 0px;\">\n\t<\/div>\n\n\t\t<\/div>\n\n\t\t\n\n\t\t<div class=\"section-content relative\">\n\t\t\t\n<div class=\"row row-large align-middle align-center\"  id=\"row-1345194781\">\n\n\t<div id=\"col-2039891707\" class=\"col medium-8 small-11 large-8\"  data-animate=\"fadeInUp\">\n\t\t\t\t<div class=\"col-inner text-left dark\"  >\n\t\t\t\n\t\t\t\n<h1 style=\"text-align: left;\">Somos una empresa uruguaya fundada en 1942. <br \/>A trav\u00e9s de sus m\u00e1s de 75 a\u00f1os de trayectoria, hemos logrado un reconocido prestigio.<\/h1>\n<h3 style=\"text-align: left;\" data-line-height=\"xl\">Nuestra principal actividad es la distribuci\u00f3n exclusiva de art\u00edculos de cosm\u00e9tica, perfumer\u00eda y tocador a farmacias, pa\u00f1aleras y perfumer\u00edas de todo el pa\u00eds.<\/h3>\n\t\t<\/div>\n\t\t\t\t\t<\/div>\n\n\t\n<\/div>\n\t\t<\/div>\n\n\t\t\n<style>\n#section_492353238 {\n  padding-top: 50px;\n  padding-bottom: 50px;\n  min-height: 387px;\n}\n#section_492353238 .section-bg-overlay {\n  background-color: rgba(0, 0, 0, 0.56);\n}\n#section_492353238 .section-bg img {\n  object-position: 57% 93%;\n}\n<\/style>\n\t<\/section>\n\t\n\n\t<section class=\"section has-mask mask-arrow\" id=\"section_752497624\">\n\t\t<div class=\"section-bg fill\" >\n\t\t\t\t\t\t\t\t\t\n\t\t\t\n\t<div class=\"is-border\"\n\t\tstyle=\"border-color:rgb(235, 235, 235);border-width:1px 0px 0px 0px;\">\n\t<\/div>\n\n\t\t<\/div>\n\n\t\t\n\n\t\t<div class=\"section-content relative\">\n\t\t\t\n<div class=\"row align-center row-dashed\"  id=\"row-733934112\">\n\n\t<div id=\"col-1726352100\" class=\"col small-12 large-12\"  data-animate=\"fadeInUp\">\n\t\t\t\t<div class=\"col-inner\"  >\n\t\t\t\n\t\t\t\n<h1 style=\"text-align: center;\"><strong>Representamos y distribuimos las siguientes l\u00edneas:<\/strong><\/h1>\n\t\t<\/div>\n\t\t\t\t\t<\/div>\n\n\t\n\n\t<div id=\"col-1071434773\" class=\"col medium-2 small-4 large-2\"  >\n\t\t\t\t<div class=\"col-inner\"  >\n\t\t\t\n\t\t\t\n\t<div class=\"img has-hover x md-x lg-x y md-y lg-y\" id=\"image_1106478576\">\n\t\t<a class=\"\" href=\"https:\/\/uruquim.uy\/productos.php?id=biokur-2\" target=\"_blank\" rel=\"noopener\" >\t\t\t\t<div data-animate=\"fadeInUp\">\t\t<div class=\"img-inner image-grayscale dark\" >\n\t\t\t<img loading=\"lazy\" decoding=\"async\" width=\"512\" height=\"512\" src=\"https:\/\/pycosmetica.com.uy\/wp-content\/uploads\/2019\/09\/biokur.png\" class=\"attachment-original size-original\" alt=\"\" srcset=\"https:\/\/pycosmetica.com.uy\/wp-content\/uploads\/2019\/09\/biokur.png 512w, https:\/\/pycosmetica.com.uy\/wp-content\/uploads\/2019\/09\/biokur-150x150.png 150w, https:\/\/pycosmetica.com.uy\/wp-content\/uploads\/2019\/09\/biokur-300x300.png 300w\" sizes=\"auto, (max-width: 512px) 100vw, 512px\" \/>\t\t\t\t\t\t\n\t\t\t\t\t<\/div>\n\t\t<\/div>\t\t\t\t<\/a>\t\t\n<style>\n#image_1106478576 {\n  width: 100%;\n}\n<\/style>\n\t<\/div>\n\t\n\t\t<\/div>\n\t\t\t\t\t<\/div>\n\n\t\n\n\t<div id=\"col-1625752596\" class=\"col medium-2 small-4 large-2\"  >\n\t\t\t\t<div class=\"col-inner\"  >\n\t\t\t\n\t\t\t\n\t<div class=\"img has-hover x md-x lg-x y md-y lg-y\" id=\"image_604239081\">\n\t\t<a class=\"\" href=\"https:\/\/uruquim.uy\/productos.php?id=crivea\" target=\"_blank\" rel=\"noopener\" >\t\t\t\t<div data-animate=\"fadeInUp\">\t\t<div class=\"img-inner image-grayscale dark\" >\n\t\t\t<img loading=\"lazy\" decoding=\"async\" width=\"512\" height=\"512\" src=\"https:\/\/pycosmetica.com.uy\/wp-content\/uploads\/2019\/09\/crivea.jpg\" class=\"attachment-original size-original\" alt=\"\" srcset=\"https:\/\/pycosmetica.com.uy\/wp-content\/uploads\/2019\/09\/crivea.jpg 512w, https:\/\/pycosmetica.com.uy\/wp-content\/uploads\/2019\/09\/crivea-150x150.jpg 150w, https:\/\/pycosmetica.com.uy\/wp-content\/uploads\/2019\/09\/crivea-300x300.jpg 300w\" sizes=\"auto, (max-width: 512px) 100vw, 512px\" \/>\t\t\t\t\t\t\n\t\t\t\t\t<\/div>\n\t\t<\/div>\t\t\t\t<\/a>\t\t\n<style>\n#image_604239081 {\n  width: 100%;\n}\n<\/style>\n\t<\/div>\n\t\n\t\t<\/div>\n\t\t\t\t\t<\/div>\n\n\t\n\n\t<div id=\"col-1085586456\" class=\"col medium-2 small-4 large-2\"  >\n\t\t\t\t<div class=\"col-inner\"  >\n\t\t\t\n\t\t\t\n\t<div class=\"img has-hover x md-x lg-x y md-y lg-y\" id=\"image_231965298\">\n\t\t<a class=\"\" href=\"https:\/\/uruquim.uy\/productos.php?id=qsoft-2-2\" target=\"_blank\" rel=\"noopener\" >\t\t\t\t<div data-animate=\"fadeInUp\">\t\t<div class=\"img-inner image-grayscale dark\" >\n\t\t\t<img loading=\"lazy\" decoding=\"async\" width=\"512\" height=\"512\" src=\"https:\/\/pycosmetica.com.uy\/wp-content\/uploads\/2019\/09\/qsoft.png\" class=\"attachment-original size-original\" alt=\"\" srcset=\"https:\/\/pycosmetica.com.uy\/wp-content\/uploads\/2019\/09\/qsoft.png 512w, https:\/\/pycosmetica.com.uy\/wp-content\/uploads\/2019\/09\/qsoft-150x150.png 150w, https:\/\/pycosmetica.com.uy\/wp-content\/uploads\/2019\/09\/qsoft-300x300.png 300w\" sizes=\"auto, (max-width: 512px) 100vw, 512px\" \/>\t\t\t\t\t\t\n\t\t\t\t\t<\/div>\n\t\t<\/div>\t\t\t\t<\/a>\t\t\n<style>\n#image_231965298 {\n  width: 100%;\n}\n<\/style>\n\t<\/div>\n\t\n\t\t<\/div>\n\t\t\t\t\t<\/div>\n\n\t\n\n\t<div id=\"col-1654017730\" class=\"col medium-2 small-4 large-2\"  >\n\t\t\t\t<div class=\"col-inner\"  >\n\t\t\t\n\t\t\t\n\t<div class=\"img has-hover x md-x lg-x y md-y lg-y\" id=\"image_1389487863\">\n\t\t<a class=\"\" href=\"https:\/\/uruquim.uy\/productos.php?id=simonds\" target=\"_blank\" rel=\"noopener\" >\t\t\t\t<div data-animate=\"fadeInUp\">\t\t<div class=\"img-inner image-grayscale dark\" >\n\t\t\t<img loading=\"lazy\" decoding=\"async\" width=\"512\" height=\"512\" src=\"https:\/\/pycosmetica.com.uy\/wp-content\/uploads\/2019\/09\/simonds.jpg\" class=\"attachment-original size-original\" alt=\"\" srcset=\"https:\/\/pycosmetica.com.uy\/wp-content\/uploads\/2019\/09\/simonds.jpg 512w, https:\/\/pycosmetica.com.uy\/wp-content\/uploads\/2019\/09\/simonds-150x150.jpg 150w, https:\/\/pycosmetica.com.uy\/wp-content\/uploads\/2019\/09\/simonds-300x300.jpg 300w\" sizes=\"auto, (max-width: 512px) 100vw, 512px\" \/>\t\t\t\t\t\t\n\t\t\t\t\t<\/div>\n\t\t<\/div>\t\t\t\t<\/a>\t\t\n<style>\n#image_1389487863 {\n  width: 100%;\n}\n<\/style>\n\t<\/div>\n\t\n\t\t<\/div>\n\t\t\t\t\t<\/div>\n\n\t\n\n\t<div id=\"col-1249930920\" class=\"col medium-2 small-4 large-2\"  >\n\t\t\t\t<div class=\"col-inner\"  >\n\t\t\t\n\t\t\t\n\t<div class=\"img has-hover x md-x lg-x y md-y lg-y\" id=\"image_1200668865\">\n\t\t<a class=\"\" href=\"https:\/\/www.nexcare.3mchile.cl\/3M\/es_CL\/p\/pc\/tapes-wraps\/\" target=\"_blank\" rel=\"noopener\" >\t\t\t\t<div data-animate=\"fadeInUp\">\t\t<div class=\"img-inner image-grayscale dark\" >\n\t\t\t<img loading=\"lazy\" decoding=\"async\" width=\"512\" height=\"512\" src=\"https:\/\/pycosmetica.com.uy\/wp-content\/uploads\/2019\/09\/3m.png\" class=\"attachment-original size-original\" alt=\"\" srcset=\"https:\/\/pycosmetica.com.uy\/wp-content\/uploads\/2019\/09\/3m.png 512w, https:\/\/pycosmetica.com.uy\/wp-content\/uploads\/2019\/09\/3m-150x150.png 150w, https:\/\/pycosmetica.com.uy\/wp-content\/uploads\/2019\/09\/3m-300x300.png 300w\" sizes=\"auto, (max-width: 512px) 100vw, 512px\" \/>\t\t\t\t\t\t\n\t\t\t\t\t<\/div>\n\t\t<\/div>\t\t\t\t<\/a>\t\t\n<style>\n#image_1200668865 {\n  width: 100%;\n}\n<\/style>\n\t<\/div>\n\t\n\t\t<\/div>\n\t\t\t\t\t<\/div>\n\n\t\n<\/div>\n<div class=\"row align-center row-dashed\"  id=\"row-1962999923\">\n\n\t<div id=\"col-685419239\" class=\"col medium-2 small-4 large-2\"  >\n\t\t\t\t<div class=\"col-inner\"  >\n\t\t\t\n\t\t\t\n\t<div class=\"img has-hover x md-x lg-x y md-y lg-y\" id=\"image_1547603950\">\n\t\t\t\t\t\t<div data-animate=\"fadeInUp\">\t\t<div class=\"img-inner image-grayscale dark\" >\n\t\t\t<img loading=\"lazy\" decoding=\"async\" width=\"512\" height=\"512\" src=\"https:\/\/pycosmetica.com.uy\/wp-content\/uploads\/2024\/10\/dompel.jpg\" class=\"attachment-original size-original\" alt=\"\" srcset=\"https:\/\/pycosmetica.com.uy\/wp-content\/uploads\/2024\/10\/dompel.jpg 512w, https:\/\/pycosmetica.com.uy\/wp-content\/uploads\/2024\/10\/dompel-300x300.jpg 300w, https:\/\/pycosmetica.com.uy\/wp-content\/uploads\/2024\/10\/dompel-150x150.jpg 150w\" sizes=\"auto, (max-width: 512px) 100vw, 512px\" \/>\t\t\t\t\t\t\n\t\t\t\t\t<\/div>\n\t\t<\/div>\t\t\t\t\t\t\n<style>\n#image_1547603950 {\n  width: 100%;\n}\n<\/style>\n\t<\/div>\n\t\n\t\t<\/div>\n\t\t\t\t\t<\/div>\n\n\t\n\n\t<div id=\"col-1396456083\" class=\"col medium-2 small-4 large-2\"  >\n\t\t\t\t<div class=\"col-inner\"  >\n\t\t\t\n\t\t\t\n\t<div class=\"img has-hover x md-x lg-x y md-y lg-y\" id=\"image_143695254\">\n\t\t\t\t\t\t<div data-animate=\"fadeInUp\">\t\t<div class=\"img-inner image-grayscale dark\" >\n\t\t\t<img loading=\"lazy\" decoding=\"async\" width=\"512\" height=\"512\" src=\"https:\/\/pycosmetica.com.uy\/wp-content\/uploads\/2024\/10\/zonalibre.jpg\" class=\"attachment-original size-original\" alt=\"\" srcset=\"https:\/\/pycosmetica.com.uy\/wp-content\/uploads\/2024\/10\/zonalibre.jpg 512w, https:\/\/pycosmetica.com.uy\/wp-content\/uploads\/2024\/10\/zonalibre-300x300.jpg 300w, https:\/\/pycosmetica.com.uy\/wp-content\/uploads\/2024\/10\/zonalibre-150x150.jpg 150w\" sizes=\"auto, (max-width: 512px) 100vw, 512px\" \/>\t\t\t\t\t\t\n\t\t\t\t\t<\/div>\n\t\t<\/div>\t\t\t\t\t\t\n<style>\n#image_143695254 {\n  width: 100%;\n}\n<\/style>\n\t<\/div>\n\t\n\t\t<\/div>\n\t\t\t\t\t<\/div>\n\n\t\n\n\t<div id=\"col-1210638143\" class=\"col medium-2 small-4 large-2\"  >\n\t\t\t\t<div class=\"col-inner\"  >\n\t\t\t\n\t\t\t\n\t<div class=\"img has-hover x md-x lg-x y md-y lg-y\" id=\"image_1940197684\">\n\t\t<a class=\"\" href=\"https:\/\/uruquim.uy\/productos.php?id=aqua\" target=\"_blank\" rel=\"noopener\" >\t\t\t\t<div data-animate=\"fadeInUp\">\t\t<div class=\"img-inner image-grayscale dark\" >\n\t\t\t<img loading=\"lazy\" decoding=\"async\" width=\"512\" height=\"512\" src=\"https:\/\/pycosmetica.com.uy\/wp-content\/uploads\/2024\/10\/arix.jpg\" class=\"attachment-original size-original\" alt=\"\" srcset=\"https:\/\/pycosmetica.com.uy\/wp-content\/uploads\/2024\/10\/arix.jpg 512w, https:\/\/pycosmetica.com.uy\/wp-content\/uploads\/2024\/10\/arix-300x300.jpg 300w, https:\/\/pycosmetica.com.uy\/wp-content\/uploads\/2024\/10\/arix-150x150.jpg 150w\" sizes=\"auto, (max-width: 512px) 100vw, 512px\" \/>\t\t\t\t\t\t\n\t\t\t\t\t<\/div>\n\t\t<\/div>\t\t\t\t<\/a>\t\t\n<style>\n#image_1940197684 {\n  width: 100%;\n}\n<\/style>\n\t<\/div>\n\t\n\t\t<\/div>\n\t\t\t\t\t<\/div>\n\n\t\n\n<style>\n#row-1962999923 > .col > .col-inner {\n  padding: 10px 0px 0px 0px;\n}\n<\/style>\n<\/div>\n\t\t<\/div>\n\n\t\t\n<style>\n#section_752497624 {\n  padding-top: 59px;\n  padding-bottom: 59px;\n  min-height: 311px;\n  background-color: rgb(255, 255, 255);\n}\n<\/style>\n\t<\/section>\n\t\n\n\t<section class=\"section dark\" id=\"section_342236109\">\n\t\t<div class=\"section-bg fill\" >\n\t\t\t\t\t\t\t\t\t\n\t\t\t\n\n\t\t<\/div>\n\n\t\t\n\n\t\t<div class=\"section-content relative\">\n\t\t\t\n<div class=\"row align-center\"  id=\"row-1890449452\">\n\n\t<div id=\"col-218317575\" class=\"col medium-7 small-12 large-7\"  >\n\t\t\t\t<div class=\"col-inner text-center\"  >\n\t\t\t\n\t\t\t\n\t<div id=\"text-2679389645\" class=\"text\">\n\t\t\n<h1 class=\"uppercase\">Contactanos<\/h1>\n<h4>Seleccione cualquiera de los m\u00e9todos de contacto para comunicarse con nosotros. Gracias.<\/h4>\n\t\t\n<style>\n#text-2679389645 {\n  color: #000000;\n}\n#text-2679389645 > * {\n  color: #000000;\n}\n<\/style>\n\t<\/div>\n\t\n\t\t<\/div>\n\t\t\t\t\n<style>\n#col-218317575 > .col-inner {\n  padding: 20px 0px 0px 0px;\n}\n<\/style>\n\t<\/div>\n\n\t\n<\/div>\n\t\t<\/div>\n\n\t\t\n<style>\n#section_342236109 {\n  padding-top: 92px;\n  padding-bottom: 92px;\n  background-color: rgba(0, 0, 0, 0.07);\n}\n<\/style>\n\t<\/section>\n\t\n\n\t<section class=\"section\" id=\"section_281354533\">\n\t\t<div class=\"section-bg fill\" >\n\t\t\t\t\t\t\t\t\t\n\t\t\t\n\n\t\t<\/div>\n\n\t\t\n\n\t\t<div class=\"section-content relative\">\n\t\t\t\n<div class=\"row\"  id=\"row-1876274521\">\n\n\t<div id=\"col-1237642064\" class=\"col small-12 large-12\"  >\n\t\t\t\t<div class=\"col-inner\"  >\n\t\t\t\n\t\t\t\n<div class=\"row row-small align-equal\"  id=\"row-516947605\">\n\n\t<div id=\"col-1543179804\" class=\"col medium-6 small-12 large-6\"  data-animate=\"fadeInUp\">\n\t\t\t\t<div class=\"col-inner text-center\" style=\"background-color:rgb(255,255,255);\" >\n\t\t\t\n\t\t\t\n<h3>CELULAR \/ EMAIL<\/h3>\n\t<div id=\"gap-1180394331\" class=\"gap-element clearfix\" style=\"display:block; height:auto;\">\n\t\t\n<style>\n#gap-1180394331 {\n  padding-top: 20px;\n}\n<\/style>\n\t<\/div>\n\t\n<a href=\"tel:+50898521989\" class=\"button primary is-outline is-small expand\"  style=\"border-radius:99px;\">\n\t\t<span>+598 98 521 989<\/span>\n\t<\/a>\n\n<a href=\"mailto:administracion@pycosmetica.com.uy\" class=\"button primary is-outline is-small lowercase expand\"  style=\"border-radius:99px;\">\n\t\t<span>administracion@pycosmetica.com.uy<\/span>\n\t<\/a>\n\n\t\t<\/div>\n\t\t\t\t\t<\/div>\n\n\t\n\n\t<div id=\"col-899694210\" class=\"col medium-6 small-12 large-6\"  data-animate=\"fadeInUp\">\n\t\t\t\t<div class=\"col-inner text-center text-shadow-1 dark\" style=\"background-color:#d07530;\" >\n\t\t\t\n\t\t\t\n<h3>OFICINAS<\/h3>\n\t<div id=\"gap-1193869298\" class=\"gap-element clearfix\" style=\"display:block; height:auto;\">\n\t\t\n<style>\n#gap-1193869298 {\n  padding-top: 20px;\n}\n<\/style>\n\t<\/div>\n\t\n<h5><strong>Direcci\u00f3n<\/strong>: Camino Carrasco 7371 <br \/><strong>Tel\u00e9fono<\/strong>: 2 601 98 22<\/h5>\n\t\t<\/div>\n\t\t\t\t\t<\/div>\n\n\t\n\n\t<div id=\"col-1006855484\" class=\"col small-12 large-12\"  data-animate=\"fadeInUp\">\n\t\t\t\t<div class=\"col-inner text-left\" style=\"background-color:rgb(255,255,255);\" >\n\t\t\t\n\t\t\t\n<h3 style=\"text-align: left;\">ESCRIBENOS<\/h3>\n\n<div class=\"wpcf7 no-js\" id=\"wpcf7-f46-o1\" lang=\"en-US\" dir=\"ltr\" data-wpcf7-id=\"46\">\n<div class=\"screen-reader-response\"><p role=\"status\" aria-live=\"polite\" aria-atomic=\"true\"><\/p> <ul><\/ul><\/div>\n<form action=\"\/index.php\/wp-json\/wp\/v2\/pages\/2#wpcf7-f46-o1\" method=\"post\" class=\"wpcf7-form init\" aria-label=\"Contact form\" novalidate=\"novalidate\" data-status=\"init\">\n<fieldset class=\"hidden-fields-container\"><input type=\"hidden\" name=\"_wpcf7\" value=\"46\" \/><input type=\"hidden\" name=\"_wpcf7_version\" value=\"6.1.5\" \/><input type=\"hidden\" name=\"_wpcf7_locale\" value=\"en_US\" \/><input type=\"hidden\" name=\"_wpcf7_unit_tag\" value=\"wpcf7-f46-o1\" \/><input type=\"hidden\" name=\"_wpcf7_container_post\" value=\"0\" \/><input type=\"hidden\" name=\"_wpcf7_posted_data_hash\" value=\"\" \/>\n<\/fieldset>\n<p><label> Nombre (required)<br \/>\n<span class=\"wpcf7-form-control-wrap\" data-name=\"your-name\"><input size=\"40\" maxlength=\"400\" class=\"wpcf7-form-control wpcf7-text wpcf7-validates-as-required\" aria-required=\"true\" aria-invalid=\"false\" value=\"\" type=\"text\" name=\"your-name\" \/><\/span> <\/label>\n<\/p>\n<p><label> Email (required)<br \/>\n<span class=\"wpcf7-form-control-wrap\" data-name=\"your-email\"><input size=\"40\" maxlength=\"400\" class=\"wpcf7-form-control wpcf7-email wpcf7-validates-as-required wpcf7-text wpcf7-validates-as-email\" aria-required=\"true\" aria-invalid=\"false\" value=\"\" type=\"email\" name=\"your-email\" \/><\/span> <\/label>\n<\/p>\n<p><label> Asunto<br \/>\n<span class=\"wpcf7-form-control-wrap\" data-name=\"your-subject\"><input size=\"40\" maxlength=\"400\" class=\"wpcf7-form-control wpcf7-text\" aria-invalid=\"false\" value=\"\" type=\"text\" name=\"your-subject\" \/><\/span> <\/label>\n<\/p>\n<p><label> Mensaje<br \/>\n<span class=\"wpcf7-form-control-wrap\" data-name=\"your-message\"><textarea cols=\"40\" rows=\"10\" maxlength=\"2000\" class=\"wpcf7-form-control wpcf7-textarea\" aria-invalid=\"false\" name=\"your-message\"><\/textarea><\/span> <\/label>\n<\/p>\n<p><div id=\"cf7sr-69f34a1789e51\" class=\"cf7sr-g-recaptcha\" data-theme=\"light\" data-type=\"image\" data-size=\"normal\" data-sitekey=\"6LcI4uUUAAAAAOkD2gq_xT3mO7uOEaQv_ZSiR-2r\"><\/div><span class=\"wpcf7-form-control-wrap cf7sr-recaptcha\" data-name=\"cf7sr-recaptcha\"><input type=\"hidden\" name=\"cf7sr-recaptcha\" value=\"\" class=\"wpcf7-form-control\"><\/span>\n<\/p>\n<p><input class=\"wpcf7-form-control wpcf7-submit has-spinner\" type=\"submit\" value=\"Enviar\" \/>\n<\/p><div class=\"wpcf7-response-output\" aria-hidden=\"true\"><\/div>\n<\/form>\n<\/div>\n\n\t\t<\/div>\n\t\t\t\t\t<\/div>\n\n\t\n\n<style>\n#row-516947605 > .col > .col-inner {\n  padding: 28px 40px 19px 40px;\n  background-color: rgb(255,255,255);\n}\n<\/style>\n<\/div>\n\t\t<\/div>\n\t\t\t\t\n<style>\n#col-1237642064 > .col-inner {\n  margin: -100px 0px 0px 0px;\n}\n<\/style>\n\t<\/div>\n\n\t\n<\/div>\n\t\t<\/div>\n\n\t\t\n<style>\n#section_281354533 {\n  padding-top: 30px;\n  padding-bottom: 30px;\n  background-color: #000000;\n}\n<\/style>\n\t<\/section>\n\t\n","protected":false},"excerpt":{"rendered":"","protected":false},"author":1,"featured_media":0,"parent":0,"menu_order":0,"comment_status":"closed","ping_status":"open","template":"page-blank.php","meta":{"_joinchat":[],"footnotes":""},"class_list":["post-2","page","type-page","status-publish","hentry"],"_links":{"self":[{"href":"https:\/\/pycosmetica.com.uy\/index.php\/wp-json\/wp\/v2\/pages\/2","targetHints":{"allow":["GET"]}}],"collection":[{"href":"https:\/\/pycosmetica.com.uy\/index.php\/wp-json\/wp\/v2\/pages"}],"about":[{"href":"https:\/\/pycosmetica.com.uy\/index.php\/wp-json\/wp\/v2\/types\/page"}],"author":[{"embeddable":true,"href":"https:\/\/pycosmetica.com.uy\/index.php\/wp-json\/wp\/v2\/users\/1"}],"replies":[{"embeddable":true,"href":"https:\/\/pycosmetica.com.uy\/index.php\/wp-json\/wp\/v2\/comments?post=2"}],"version-history":[{"count":41,"href":"https:\/\/pycosmetica.com.uy\/index.php\/wp-json\/wp\/v2\/pages\/2\/revisions"}],"predecessor-version":[{"id":108,"href":"https:\/\/pycosmetica.com.uy\/index.php\/wp-json\/wp\/v2\/pages\/2\/revisions\/108"}],"wp:attachment":[{"href":"https:\/\/pycosmetica.com.uy\/index.php\/wp-json\/wp\/v2\/media?parent=2"}],"curies":[{"name":"wp","href":"https:\/\/api.w.org\/{rel}","templated":true}]}}